{"id":173,"date":"2024-12-29T11:14:52","date_gmt":"2024-12-29T10:14:52","guid":{"rendered":"https:\/\/p-f2xh03.project.space\/?page_id=173"},"modified":"2025-01-02T17:02:25","modified_gmt":"2025-01-02T16:02:25","slug":"leitbild","status":"publish","type":"page","link":"https:\/\/danielarussek.de\/index.php\/leitbild\/","title":{"rendered":"Leitbild"},"content":{"rendered":"\n<blockquote class=\"wp-block-quote is-layout-flow wp-block-quote-is-layout-flow\">\n<p class=\"has-text-align-center\"><br>&#8222;Gef\u00fchle sind wie Musik, sie haben die Kraft uns zu bewegen und uns zu inspirieren.&#8220; (B. Auerbach)<\/p>\n<\/blockquote>\n\n\n\n<p class=\"has-medium-font-size\">Psychosoziale Beratung\/Coaching (Pr\u00e4vention) und die Musik waren mir schon immer meine Herzensangelegenheit. Mit meinen Qualifikationen, Angeboten und Erfahrungen Menschen in und um Schule unterst\u00fctzen. Die Selbstst\u00e4ndigkeit erm\u00f6glicht mir flexibel zu agieren, da ich leider aus gesundheitlichen Gr\u00fcnden nicht mehr als Lehrerin arbeiten kann. Doch gerade deshalb kenne ich die Herausforderungen von Schule, Alltag, Gesundheit, Familie und Beruf.<\/p>\n\n\n<div class=\"wp-block-image\">\n<figure class=\"aligncenter size-full is-resized\"><img loading=\"lazy\" decoding=\"async\" width=\"640\" height=\"427\" src=\"https:\/\/p-f2xh03.project.space\/wp-content\/uploads\/2024\/11\/PHOTO-2024-09-05-16-16-21.jpg\" alt=\"\" class=\"wp-image-8\" style=\"width:389px;height:auto\" srcset=\"https:\/\/danielarussek.de\/wp-content\/uploads\/2024\/11\/PHOTO-2024-09-05-16-16-21.jpg 640w, https:\/\/danielarussek.de\/wp-content\/uploads\/2024\/11\/PHOTO-2024-09-05-16-16-21-300x200.jpg 300w\" sizes=\"auto, (max-width: 640px) 100vw, 640px\" \/><\/figure>\n<\/div>\n\n\n<p><\/p>\n","protected":false},"excerpt":{"rendered":"<p>&#8222;Gef\u00fchle sind wie Musik, sie haben die Kraft uns zu bewegen und uns zu inspirieren.&#8220; (B. Auerbach) Psychosoziale Beratung\/Coaching (Pr\u00e4vention) und die Musik waren mir schon immer meine Herzensangelegenheit. Mit &hellip; <\/p>\n","protected":false},"author":1,"featured_media":0,"parent":0,"menu_order":0,"comment_status":"closed","ping_status":"closed","template":"","meta":{"footnotes":""},"class_list":["post-173","page","type-page","status-publish","hentry"],"_links":{"self":[{"href":"https:\/\/danielarussek.de\/index.php\/wp-json\/wp\/v2\/pages\/173","targetHints":{"allow":["GET"]}}],"collection":[{"href":"https:\/\/danielarussek.de\/index.php\/wp-json\/wp\/v2\/pages"}],"about":[{"href":"https:\/\/danielarussek.de\/index.php\/wp-json\/wp\/v2\/types\/page"}],"author":[{"embeddable":true,"href":"https:\/\/danielarussek.de\/index.php\/wp-json\/wp\/v2\/users\/1"}],"replies":[{"embeddable":true,"href":"https:\/\/danielarussek.de\/index.php\/wp-json\/wp\/v2\/comments?post=173"}],"version-history":[{"count":27,"href":"https:\/\/danielarussek.de\/index.php\/wp-json\/wp\/v2\/pages\/173\/revisions"}],"predecessor-version":[{"id":484,"href":"https:\/\/danielarussek.de\/index.php\/wp-json\/wp\/v2\/pages\/173\/revisions\/484"}],"wp:attachment":[{"href":"https:\/\/danielarussek.de\/index.php\/wp-json\/wp\/v2\/media?parent=173"}],"curies":[{"name":"wp","href":"https:\/\/api.w.org\/{rel}","templated":true}]}}