{"id":239,"date":"2024-12-29T13:16:49","date_gmt":"2024-12-29T12:16:49","guid":{"rendered":"https:\/\/p-f2xh03.project.space\/?page_id=239"},"modified":"2024-12-30T10:26:37","modified_gmt":"2024-12-30T09:26:37","slug":"beratung-coaching-details","status":"publish","type":"page","link":"https:\/\/danielarussek.de\/index.php\/beratung-coaching-details\/","title":{"rendered":"Mehr Details:"},"content":{"rendered":"\n<p>\u00d6ffentliche F\u00f6rdermittel: Meine T\u00e4tigkeit ist im Rahmen des <strong>Sofortprogramms f\u00fcr psychosoziale Gesundheit an Schulen des Bildungsministeriums<\/strong> aufgef\u00fchrt. Anfallende Kosten f\u00fcr Gruppen, Teams und Einzelne jeden Alters k\u00f6nnen voll oder teilweise aus Programmmitteln finanziert werden. Schulisches Personal, Erziehungsberechtigte und Lernende ab 14 Jahren finden n\u00e4here Informationen auf der <a href=\"imap:\/\/danielaolga%40gmx%2Ede@imap.gmx.net:993\/fetch%3EUID%3E\/Psychosoziale%20Gesundheit%20an%20Schulen%20-%20IQSH%20Fachportal%20(lernnetz.de)\">Programm-Homepage<\/a>. Per Email: <a href=\"mailto:bedarf.sopro-ps@bimi.landsh.de\" target=\"_blank\" rel=\"noreferrer noopener\">bedarf.sopro-ps@bimi.landsh.de<\/a> oder Telefon: 0431 988 2594 erhalten Sie individuelle Antworten. Auf Ihren Kontakt und unb\u00fcrokratische Zusagen freut sich Antje Bunge.<\/p>\n","protected":false},"excerpt":{"rendered":"<p>\u00d6ffentliche F\u00f6rdermittel: Meine T\u00e4tigkeit ist im Rahmen des Sofortprogramms f\u00fcr psychosoziale Gesundheit an Schulen des Bildungsministeriums aufgef\u00fchrt. Anfallende Kosten f\u00fcr Gruppen, Teams und Einzelne jeden Alters k\u00f6nnen voll oder teilweise &hellip; <\/p>\n","protected":false},"author":1,"featured_media":0,"parent":0,"menu_order":0,"comment_status":"closed","ping_status":"closed","template":"","meta":{"footnotes":""},"class_list":["post-239","page","type-page","status-publish","hentry"],"_links":{"self":[{"href":"https:\/\/danielarussek.de\/index.php\/wp-json\/wp\/v2\/pages\/239","targetHints":{"allow":["GET"]}}],"collection":[{"href":"https:\/\/danielarussek.de\/index.php\/wp-json\/wp\/v2\/pages"}],"about":[{"href":"https:\/\/danielarussek.de\/index.php\/wp-json\/wp\/v2\/types\/page"}],"author":[{"embeddable":true,"href":"https:\/\/danielarussek.de\/index.php\/wp-json\/wp\/v2\/users\/1"}],"replies":[{"embeddable":true,"href":"https:\/\/danielarussek.de\/index.php\/wp-json\/wp\/v2\/comments?post=239"}],"version-history":[{"count":6,"href":"https:\/\/danielarussek.de\/index.php\/wp-json\/wp\/v2\/pages\/239\/revisions"}],"predecessor-version":[{"id":351,"href":"https:\/\/danielarussek.de\/index.php\/wp-json\/wp\/v2\/pages\/239\/revisions\/351"}],"wp:attachment":[{"href":"https:\/\/danielarussek.de\/index.php\/wp-json\/wp\/v2\/media?parent=239"}],"curies":[{"name":"wp","href":"https:\/\/api.w.org\/{rel}","templated":true}]}}