{"id":282,"date":"2024-12-30T09:04:06","date_gmt":"2024-12-30T08:04:06","guid":{"rendered":"https:\/\/p-f2xh03.project.space\/?page_id=282"},"modified":"2025-01-02T17:02:43","modified_gmt":"2025-01-02T16:02:43","slug":"beratung","status":"publish","type":"page","link":"https:\/\/danielarussek.de\/index.php\/beratung\/","title":{"rendered":"Beratung"},"content":{"rendered":"\n<blockquote class=\"wp-block-quote is-layout-flow wp-block-quote-is-layout-flow\">\n<p class=\"has-text-align-center\"><br>\u201eEs wird immergleich ein wenig anders, wenn man es ausspricht.\u201c (H.Hesse)<\/p>\n<\/blockquote>\n\n\n<div class=\"wp-block-image\">\n<figure class=\"aligncenter size-large is-resized\"><img loading=\"lazy\" decoding=\"async\" width=\"1024\" height=\"460\" src=\"https:\/\/p-f2xh03.project.space\/wp-content\/uploads\/2024\/11\/PHOTO-2024-09-05-16-24-57-1024x460.jpg\" alt=\"\" class=\"wp-image-16\" style=\"width:332px;height:auto\" srcset=\"https:\/\/danielarussek.de\/wp-content\/uploads\/2024\/11\/PHOTO-2024-09-05-16-24-57-1024x460.jpg 1024w, https:\/\/danielarussek.de\/wp-content\/uploads\/2024\/11\/PHOTO-2024-09-05-16-24-57-300x135.jpg 300w, https:\/\/danielarussek.de\/wp-content\/uploads\/2024\/11\/PHOTO-2024-09-05-16-24-57-768x345.jpg 768w, https:\/\/danielarussek.de\/wp-content\/uploads\/2024\/11\/PHOTO-2024-09-05-16-24-57-1536x690.jpg 1536w, https:\/\/danielarussek.de\/wp-content\/uploads\/2024\/11\/PHOTO-2024-09-05-16-24-57.jpg 1600w\" sizes=\"auto, (max-width: 1024px) 100vw, 1024px\" \/><\/figure>\n<\/div>\n\n\n<p class=\"has-medium-font-size\">Als (psychosoziale) Beraterin\/Coach verstehe ich mich als Begleiterin, K\u00fcmmerin und manchmal auch Br\u00fcckenbauerin f\u00fcr Erwachsene, Kinder und Jugendliche in verschiedenen Lebensphasen, die den Blick f\u00fcr das \u201eHier und Jetzt\u201c hat. Gemeinsam erarbeiten wir in herausfordernden Situationen konkrete erste Schritte zur Ver\u00e4nderung. ( danach gehts weiter wie es steht mit: durch gemeinsame Gespr\u00e4che&#8230;..). Durch gemeinsame Gespr\u00e4che und die Nutzung von Methoden aus Coaching und Therapie werden pers\u00f6nlichen Ressourcen pr\u00e4ventiv und entwicklungsorientiert genutzt, um dadurch Entlastung im beruflichen und privaten Rahmen zu erleben.<br><\/p>\n\n\n\n<p><strong>Beispiele aus der (Schul-)Praxis:<\/strong><\/p>\n\n\n\n<ul class=\"wp-block-list\">\n<li>(pr\u00e4ventives) <strong>Gesundheit<\/strong>s-Coaching: Angebot f\u00fcr <strong>psychisch belastete<\/strong> Menschen und aktives Zugehen\/Anschreiben nach Hinweisen und zur <strong>Entlastung<\/strong> von Betroffenen(schon bei ersten Auff\u00e4lligkeiten!) und ggf weitere Begleitung. <em>(\u201eIch merke, ich ben\u00f6tige zeitnah einen Austausch zu meiner (privaten\/beruflichen) Lage\u201c)<\/em><\/li>\n<\/ul>\n\n\n\n<ul class=\"wp-block-list\">\n<li><strong>Organisation<\/strong>s-Coaching: Strukturen f\u00fcr eigene \u201eto- dos\u201c in meinen Alltag entwickeln, um <strong>\u00dcberforderung und Stress<\/strong> zu vermeiden. <em>(\u201eIch brauche jemanden, der gemeinsam mit mir einen individuell angepassten strukturierten Alltagsplan schreibt, damit ausreichend Zeit f\u00fcr mich bleibt\u201c)<\/em><\/li>\n<\/ul>\n\n\n\n<ul class=\"wp-block-list\">\n<li>Unterst\u00fctzung bei <strong>Schul-Absentismus<\/strong> (Eltern, Kind, LehrerInnen, Schulleitung) nach dem (schuleigenen) Absentismusplan, durch enge Begleitung fortlaufende <strong>Kommunikation aller Beteiligten<\/strong> (\u201eIch ben\u00f6tige jemanden, der alle Beteiligten und ihre p\u00e4dagogischen Hilfen aufeinander abstimmt und ein, anfangs auch kontrollierendes, Vertrauensverh\u00e4ltnis mit den Kind aufbaut.\u201c)<\/li>\n<\/ul>\n\n\n\n<ul class=\"wp-block-list\">\n<li>individuelle Hilfen und Unterst\u00fctzung f\u00fcr schulischen Umgang mit <strong>(psychischen) Erkrankungen<\/strong> Betroffener, Angeh\u00f6riger und Lehrende und im Umgang mit Mitsch\u00fclerInnen <em>(\u201eWas bedeutet eigentlich Depression\/Angstst\u00f6rung und wie soll ich das meinem Umfeld erkl\u00e4ren, wie sich das auf mein Schulverhalten auswirkt\u201c)<\/em><\/li>\n<\/ul>\n\n\n\n<ul class=\"wp-block-list\">\n<li>\u201eME-Time\u201c : Raum und Zeit zur eigenen \u201eSortierung und das vor Ort, zeitnah und im Ganztagesbetrieb, freie Zeiten f\u00fcr die eigene <strong>Psychohygiene<\/strong> nutzen <em>(\u201eWas ist eigentlich gerade mit mir los , wie kann ich meine Bed\u00fcrfnisse ernst nehmen und ggf. auch gegen\u00fcber anderen kommunizieren?\u201c)<\/em><\/li>\n<\/ul>\n\n\n\n<ul class=\"wp-block-list\">\n<li>\u201eM\u00e4dels-Zeit\u201c: Zeit f\u00fcr anlassbezogene <strong>Gespr\u00e4che in Kleingruppen<\/strong> \u00fcber Themen, die den Alltag \u00fcberschatten <em>(\u201e Ich bin mit meinem K\u00f6rper nicht zufrieden\u201c, \u201emeine Mitsch\u00fcler \/Eltern behandeln mich nicht gut\u201c, \u2026\u2026\u2026.)<\/em><\/li>\n<\/ul>\n\n\n\n<ul class=\"wp-block-list\">\n<li>\u201e<strong>Stress-lass-nach-Stunde<\/strong>\u201c (\u201eIch m\u00f6chte verstehen, was mich immer wieder aus der Balance bringt und welche \u00dcbungen helfen k\u00f6nnen\u201c)<\/li>\n<\/ul>\n\n\n\n<ul class=\"wp-block-list\">\n<li>durch Einzelgespr\u00e4che und nach R\u00fccksprache mit LehrerInnen individuell Begleitung\/Erstellung\/<strong>Vorbereitung von Nachteilsausgleichen <\/strong>f\u00fcr SuS zur Entlastung der Schulleitung <em>(\u201eWir arbeiten im Gespr\u00e4ch genau heraus, welche Bedingungen ich brauche, um den Schulalltag zu schaffen und das Umfeld zu informieren\u201c)<\/em><\/li>\n<\/ul>\n\n\n\n<ul class=\"wp-block-list\">\n<li>Aufkl\u00e4rung und <strong>Informationen zu psychischen Belastungen\/Erkrankungen<\/strong> und Hinweise zu aktuellen Angeboten des Betrieblichen Gesundheitsmanagement und ausgewiesenen Hilfen (psychosoziale Gesundheit an Schulen)<\/li>\n<\/ul>\n\n\n\n<ul class=\"wp-block-list\">\n<li>Interne und externe Netzwerkarbeit<\/li>\n<\/ul>\n\n\n\n<ul class=\"wp-block-list\">\n<li>Unterst\u00fctzung bei der Organisation und Durchf\u00fchrung von SET-Tagen\/Fortbildungen ( \u00fcber den Beratungslehrerverband Schleswig Holstein)<\/li>\n<\/ul>\n\n\n\n<ul class=\"wp-block-list\">\n<li>u.v.m.<\/li>\n<\/ul>\n\n\n\n<p><\/p>\n\n\n\n<p><\/p>\n\n\n\n<p><\/p>\n","protected":false},"excerpt":{"rendered":"<p>\u201eEs wird immergleich ein wenig anders, wenn man es ausspricht.\u201c (H.Hesse) Als (psychosoziale) Beraterin\/Coach verstehe ich mich als Begleiterin, K\u00fcmmerin und manchmal auch Br\u00fcckenbauerin f\u00fcr Erwachsene, Kinder und Jugendliche in &hellip; <\/p>\n","protected":false},"author":1,"featured_media":0,"parent":0,"menu_order":0,"comment_status":"closed","ping_status":"closed","template":"","meta":{"footnotes":""},"class_list":["post-282","page","type-page","status-publish","hentry"],"_links":{"self":[{"href":"https:\/\/danielarussek.de\/index.php\/wp-json\/wp\/v2\/pages\/282","targetHints":{"allow":["GET"]}}],"collection":[{"href":"https:\/\/danielarussek.de\/index.php\/wp-json\/wp\/v2\/pages"}],"about":[{"href":"https:\/\/danielarussek.de\/index.php\/wp-json\/wp\/v2\/types\/page"}],"author":[{"embeddable":true,"href":"https:\/\/danielarussek.de\/index.php\/wp-json\/wp\/v2\/users\/1"}],"replies":[{"embeddable":true,"href":"https:\/\/danielarussek.de\/index.php\/wp-json\/wp\/v2\/comments?post=282"}],"version-history":[{"count":28,"href":"https:\/\/danielarussek.de\/index.php\/wp-json\/wp\/v2\/pages\/282\/revisions"}],"predecessor-version":[{"id":485,"href":"https:\/\/danielarussek.de\/index.php\/wp-json\/wp\/v2\/pages\/282\/revisions\/485"}],"wp:attachment":[{"href":"https:\/\/danielarussek.de\/index.php\/wp-json\/wp\/v2\/media?parent=282"}],"curies":[{"name":"wp","href":"https:\/\/api.w.org\/{rel}","templated":true}]}}