{"id":284,"date":"2024-12-30T09:04:20","date_gmt":"2024-12-30T08:04:20","guid":{"rendered":"https:\/\/p-f2xh03.project.space\/?page_id=284"},"modified":"2026-03-03T09:04:10","modified_gmt":"2026-03-03T08:04:10","slug":"musik","status":"publish","type":"page","link":"https:\/\/danielarussek.de\/index.php\/musik\/","title":{"rendered":"Musik"},"content":{"rendered":"\n<blockquote class=\"wp-block-quote is-layout-flow wp-block-quote-is-layout-flow\">\n<p class=\"has-text-align-center\"><br>\u201eOhne Musik w\u00e4r\u00b4 alles nichts.\u201c (W.A. Mozart)<\/p>\n<\/blockquote>\n\n\n<div class=\"wp-block-image\">\n<figure class=\"aligncenter size-full is-resized\"><img loading=\"lazy\" decoding=\"async\" width=\"1599\" height=\"821\" src=\"https:\/\/p-f2xh03.project.space\/wp-content\/uploads\/2025\/01\/46dc9365-e240-4c36-a777-ff7d78934303.jpg\" alt=\"\" class=\"wp-image-407\" style=\"width:503px;height:auto\" srcset=\"https:\/\/danielarussek.de\/wp-content\/uploads\/2025\/01\/46dc9365-e240-4c36-a777-ff7d78934303.jpg 1599w, https:\/\/danielarussek.de\/wp-content\/uploads\/2025\/01\/46dc9365-e240-4c36-a777-ff7d78934303-300x154.jpg 300w, https:\/\/danielarussek.de\/wp-content\/uploads\/2025\/01\/46dc9365-e240-4c36-a777-ff7d78934303-1024x526.jpg 1024w, https:\/\/danielarussek.de\/wp-content\/uploads\/2025\/01\/46dc9365-e240-4c36-a777-ff7d78934303-768x394.jpg 768w, https:\/\/danielarussek.de\/wp-content\/uploads\/2025\/01\/46dc9365-e240-4c36-a777-ff7d78934303-1536x789.jpg 1536w\" sizes=\"auto, (max-width: 1599px) 100vw, 1599px\" \/><\/figure>\n<\/div>\n\n\n<p><br>Als <strong>Chorleiterin <\/strong>biete ich fortlaufend Chorprojekte f\u00fcr Kinder und Erwachsene als 10er Karten \u00fcber die <a href=\"https:\/\/vhs-grosswittensee.hpage.com\/\">Volkhochschule Gro\u00df Wittensee<\/a> an.<\/p>\n\n\n\n<p>Als <strong>Musikerin<\/strong> man kann mich u.a. f\u00fcr Beerdigungen, Trauungen, Gottesdienste als Trompeterin oder S\u00e4ngerin (inkl. eigener Klavierbegleitung) buchen, auch gemeinsam mit meiner Tochter Wencke Malou.<\/p>\n\n\n\n<p>Brauche Sie, ihre Familie oder ihr Kind Unterst\u00fctzung einen kleinen musikalischen Beitrag bei einer Feier (z.B. Omas 70. Geburtstag, Hochzeit, Familienfeier) zu gestalten, kommen Sie gern auf mich zu. Als <strong>Musikcoach<\/strong> erarbeiten ich mit Ihnen innerhalb kurzer Zeit 2-3 Lieder, auf Wunsch auch individuell getextet.<\/p>\n\n\n\n<p><strong>Weitere musikalische Angebote:<\/strong> Auch Schulen, Kinderg\u00e4rten oder andere Einrichtungen und Gruppen stehe ich f\u00fcr Musikprojekte oder zur Unterst\u00fctzung von MusiklehrerInnen zur Verf\u00fcgung, auch im Rahmen von ganzheitlicher Pr\u00e4vention. <a href=\"https:\/\/p-f2xh03.project.space\/index.php\/beratung-coaching-details\/\" data-type=\"page\" data-id=\"239\" target=\"_blank\" rel=\"noreferrer noopener\">Mehr Details zur Kostenf\u00f6rderung, hier klicken.<\/a><\/p>\n\n\n<div class=\"wp-block-image\">\n<figure class=\"aligncenter size-large is-resized\"><img loading=\"lazy\" decoding=\"async\" width=\"1024\" height=\"768\" src=\"https:\/\/p-f2xh03.project.space\/wp-content\/uploads\/2025\/01\/c1392b5d-1cc4-4094-aa36-7cb84a1134e6-1024x768.jpg\" alt=\"\" class=\"wp-image-411\" style=\"width:424px;height:auto\" srcset=\"https:\/\/danielarussek.de\/wp-content\/uploads\/2025\/01\/c1392b5d-1cc4-4094-aa36-7cb84a1134e6-1024x768.jpg 1024w, https:\/\/danielarussek.de\/wp-content\/uploads\/2025\/01\/c1392b5d-1cc4-4094-aa36-7cb84a1134e6-300x225.jpg 300w, https:\/\/danielarussek.de\/wp-content\/uploads\/2025\/01\/c1392b5d-1cc4-4094-aa36-7cb84a1134e6-768x576.jpg 768w, https:\/\/danielarussek.de\/wp-content\/uploads\/2025\/01\/c1392b5d-1cc4-4094-aa36-7cb84a1134e6-1536x1152.jpg 1536w, https:\/\/danielarussek.de\/wp-content\/uploads\/2025\/01\/c1392b5d-1cc4-4094-aa36-7cb84a1134e6-390x293.jpg 390w, https:\/\/danielarussek.de\/wp-content\/uploads\/2025\/01\/c1392b5d-1cc4-4094-aa36-7cb84a1134e6-367x275.jpg 367w, https:\/\/danielarussek.de\/wp-content\/uploads\/2025\/01\/c1392b5d-1cc4-4094-aa36-7cb84a1134e6-756x568.jpg 756w, https:\/\/danielarussek.de\/wp-content\/uploads\/2025\/01\/c1392b5d-1cc4-4094-aa36-7cb84a1134e6.jpg 2000w\" sizes=\"auto, (max-width: 1024px) 100vw, 1024px\" \/><\/figure>\n<\/div>","protected":false},"excerpt":{"rendered":"<p>\u201eOhne Musik w\u00e4r\u00b4 alles nichts.\u201c (W.A. Mozart) Als Chorleiterin biete ich fortlaufend Chorprojekte f\u00fcr Kinder und Erwachsene als 10er Karten \u00fcber die Volkhochschule Gro\u00df Wittensee an. Als Musikerin man kann &hellip; <\/p>\n","protected":false},"author":1,"featured_media":0,"parent":0,"menu_order":0,"comment_status":"closed","ping_status":"closed","template":"","meta":{"footnotes":""},"class_list":["post-284","page","type-page","status-publish","hentry"],"_links":{"self":[{"href":"https:\/\/danielarussek.de\/index.php\/wp-json\/wp\/v2\/pages\/284","targetHints":{"allow":["GET"]}}],"collection":[{"href":"https:\/\/danielarussek.de\/index.php\/wp-json\/wp\/v2\/pages"}],"about":[{"href":"https:\/\/danielarussek.de\/index.php\/wp-json\/wp\/v2\/types\/page"}],"author":[{"embeddable":true,"href":"https:\/\/danielarussek.de\/index.php\/wp-json\/wp\/v2\/users\/1"}],"replies":[{"embeddable":true,"href":"https:\/\/danielarussek.de\/index.php\/wp-json\/wp\/v2\/comments?post=284"}],"version-history":[{"count":15,"href":"https:\/\/danielarussek.de\/index.php\/wp-json\/wp\/v2\/pages\/284\/revisions"}],"predecessor-version":[{"id":505,"href":"https:\/\/danielarussek.de\/index.php\/wp-json\/wp\/v2\/pages\/284\/revisions\/505"}],"wp:attachment":[{"href":"https:\/\/danielarussek.de\/index.php\/wp-json\/wp\/v2\/media?parent=284"}],"curies":[{"name":"wp","href":"https:\/\/api.w.org\/{rel}","templated":true}]}}